{"id":14,"date":"2020-10-29T22:24:32","date_gmt":"2020-10-29T22:24:32","guid":{"rendered":"https:\/\/millilending.is\/?post_type=product&#038;p=14"},"modified":"2026-02-09T09:25:28","modified_gmt":"2026-02-09T09:25:28","slug":"minningin-um-minkinn","status":"publish","type":"product","link":"https:\/\/millilending.is\/index.php\/product\/minningin-um-minkinn\/","title":{"rendered":"Minningin um Minkinn"},"content":{"rendered":"<p>Minningin um minkinn er sprenghl\u00e6gileg fr\u00e1s\u00f6gn af bandar\u00edska k\u00f6rfuboltamanninum Jimmy Miggins sem l\u00e9k og \u00e6f\u00f0i me\u00f0 k\u00f6rfuboltali\u00f0i Keflav\u00edkur \u00ed stuttan t\u00edma \u00e1ri\u00f0 2004. B\u00f3kin er fyrsta verk S\u00e6vars S\u00e6varssonar, l\u00f6gfr\u00e6\u00f0ings og bekkjasetumanns \u00ed k\u00f6rfubolta. Me\u00f0 snarpri fr\u00e1s\u00f6gn sinni n\u00e6r h\u00f6fundur a\u00f0 fanga skondin og \u00f3heflu\u00f0 karakterseinkenni s\u00f6gupers\u00f3nunnar sem hei\u00f0ra\u00f0i Keflav\u00edkinga me\u00f0 n\u00e6rveru sinni \u00ed a\u00f0eins \u00ferj\u00e1r vikur en skildi \u00fe\u00f3 eftir sig minningar sem lifa a\u00f0 eil\u00edfu.<\/p>\n<p>Skondnar og oft og t\u00ed\u00f0um \u00f3beisla\u00f0ar myndskreytingar listamannsins Ethor\u00ed\u00f3 gl\u00e6\u00f0a svo fr\u00e1s\u00f6gnina l\u00edfi og gera b\u00f3kina um lei\u00f0 einstaklega eigulega.<\/p>\n<p>St\u00f3r hluti hagna\u00f0ar af s\u00f6lu b\u00f3karinnar mun renna til styrktar k\u00f6rfuknattleiksdeildar Keflav\u00edkur en ekki \u00fearf a\u00f0 fj\u00f6lyr\u00f0a um \u00fe\u00e1 sta\u00f0reynd a\u00f0 \u00ed\u00fer\u00f3ttaf\u00e9l\u00f6g landsins hafa or\u00f0i\u00f0 fyrir miklum tekjumissi \u00ed kj\u00f6lfar Covid-19 faraldursins og \u00feeirrar st\u00f6\u00f0u sem uppi er \u00ed \u00fej\u00f3\u00f0f\u00e9laginu s\u00f6kum hans.<\/p>\n","protected":false},"excerpt":{"rendered":"<p>Minningin um minkinn er sprenghl\u00e6gileg fr\u00e1s\u00f6gn af bandar\u00edska k\u00f6rfuboltamanninum Jimmy Miggins sem l\u00e9k og \u00e6f\u00f0i me\u00f0 k\u00f6rfuboltali\u00f0i Keflav\u00edkur \u00ed stuttan t\u00edma \u00e1ri\u00f0 2004. B\u00f3kin er fyrsta verk S\u00e6vars S\u00e6varssonar, l\u00f6gfr\u00e6\u00f0ings og bekkjasetumanns \u00ed k\u00f6rfubolta.<\/p>\n","protected":false},"featured_media":565,"comment_status":"open","ping_status":"closed","template":"","meta":[],"_links":{"self":[{"href":"https:\/\/millilending.is\/index.php\/wp-json\/wp\/v2\/product\/14"}],"collection":[{"href":"https:\/\/millilending.is\/index.php\/wp-json\/wp\/v2\/product"}],"about":[{"href":"https:\/\/millilending.is\/index.php\/wp-json\/wp\/v2\/types\/product"}],"replies":[{"embeddable":true,"href":"https:\/\/millilending.is\/index.php\/wp-json\/wp\/v2\/comments?post=14"}],"wp:featuredmedia":[{"embeddable":true,"href":"https:\/\/millilending.is\/index.php\/wp-json\/wp\/v2\/media\/565"}],"wp:attachment":[{"href":"https:\/\/millilending.is\/index.php\/wp-json\/wp\/v2\/media?parent=14"}],"curies":[{"name":"wp","href":"https:\/\/api.w.org\/{rel}","templated":true}]}}