{"id":241,"date":"2020-11-09T10:18:31","date_gmt":"2020-11-09T10:18:31","guid":{"rendered":"https:\/\/millilending.is\/?post_type=product&#038;p=241"},"modified":"2026-02-09T09:25:54","modified_gmt":"2026-02-09T09:25:54","slug":"mynd-1","status":"publish","type":"product","link":"https:\/\/millilending.is\/index.php\/product\/mynd-1\/","title":{"rendered":"Poor as him \/ Ethor\u00ed\u00f3"},"content":{"rendered":"<p><span style=\"font-style: inherit !important; font-weight: inherit !important;\">Flj\u00f3tlega eftir a\u00f0 S\u00e6var S\u00e6varsson h\u00f6fundur b\u00f3karinnar Minningin um minkinn byrja\u00f0i a\u00f0 setja fr\u00e1s\u00f6gn s\u00edna um Jimmy Miggins ni\u00f0ur \u00e1 bla\u00f0 vakna\u00f0i hugmynd hj\u00e1 honum og Dav\u00ed\u00f0 \u00d3skarssyni, marka\u00f0sstj\u00f3ra og graf\u00edskum h\u00f6nnu\u00f0i \u00ed hj\u00e1verkum, hvort ekki v\u00e6ri sni\u00f0ugt a\u00f0 l\u00e1ta myndskreyta s\u00f6guna. \u00ddmsar hugmyndir flugu, margar hverjar mj\u00f6g \u00fat\u00f3p\u00edskar, en a\u00f0 ending var\u00f0 lendingin s\u00fa a\u00f0 heyra \u00ed listamanninum Ethor\u00ed\u00f3. Var honum kynnt hugmyndin og a\u00f0 fyrsta fundi loknum \u00e1kva\u00f0 Ethor\u00ed\u00f3 a\u00f0 taka a\u00f0 s\u00e9r a\u00f0 myndskreyta b\u00f3kina. Upphaflega hugmyndin var a\u00f0 hann myndi gera tv\u00e6r st\u00f3rar myndir og 6-10 skyssur. Eftir a\u00f0 hafa kynnt s\u00e9r s\u00f6guna ur\u00f0u skyssurnar hins vegar um 40 og \u00fear af 8 st\u00f3rar myndir \u00ed A3 st\u00e6r\u00f0 sem n\u00fa hafa veri\u00f0 innramma\u00f0ar.<\/span><\/p>\n<p>N\u00fa gefst f\u00f3lki t\u00e6kif\u00e6ri \u00e1 \u00fev\u00ed a\u00f0 kaupa umr\u00e6ddar myndir og styrkja um lei\u00f0 k\u00f6rfuknattleiksdeild Keflav\u00edkur en 50% s\u00f6luandvir\u00f0is rennur beint til Keflav\u00edkur. Myndirnar eru \u00ed A3 st\u00e6r\u00f0 eins og \u00e1\u00f0ur er geti\u00f0 en um er a\u00f0 r\u00e6\u00f0a original myndir sem ekki ver\u00f0ar fj\u00f6lfalda\u00f0ar.<\/p>\n","protected":false},"excerpt":{"rendered":"<p>Einst\u00f6k mynd eftir listamanninn Ethor\u00ed\u00f3. Myndin sj\u00e1lf er \u00ed A3 st\u00e6r\u00f0 en h\u00fan kemur \u00ed sv\u00f6rtum ramma. 50% s\u00f6luandvir\u00f0is rennur beint til K\u00f6rfuknattleiksdeildar Keflav\u00edkur.<\/p>\n","protected":false},"featured_media":316,"comment_status":"open","ping_status":"closed","template":"","meta":[],"_links":{"self":[{"href":"https:\/\/millilending.is\/index.php\/wp-json\/wp\/v2\/product\/241"}],"collection":[{"href":"https:\/\/millilending.is\/index.php\/wp-json\/wp\/v2\/product"}],"about":[{"href":"https:\/\/millilending.is\/index.php\/wp-json\/wp\/v2\/types\/product"}],"replies":[{"embeddable":true,"href":"https:\/\/millilending.is\/index.php\/wp-json\/wp\/v2\/comments?post=241"}],"wp:featuredmedia":[{"embeddable":true,"href":"https:\/\/millilending.is\/index.php\/wp-json\/wp\/v2\/media\/316"}],"wp:attachment":[{"href":"https:\/\/millilending.is\/index.php\/wp-json\/wp\/v2\/media?parent=241"}],"curies":[{"name":"wp","href":"https:\/\/api.w.org\/{rel}","templated":true}]}}