{"id":530,"date":"2022-11-03T16:17:07","date_gmt":"2022-11-03T16:17:07","guid":{"rendered":"https:\/\/millilending.is\/?post_type=product&#038;p=530"},"modified":"2026-04-24T15:04:53","modified_gmt":"2026-04-24T15:04:53","slug":"kjartan-masson-engin-helvitis-aevisaga","status":"publish","type":"product","link":"https:\/\/millilending.is\/index.php\/product\/kjartan-masson-engin-helvitis-aevisaga\/","title":{"rendered":"Kjartan M\u00e1sson &#8211; Engin helv\u00edtis \u00e6visaga"},"content":{"rendered":"<p>Kjartan M\u00e1sson \u2013 Engin helv\u00edtis \u00e6visaga inniheldur aragr\u00faa af skondnum og litr\u00edkum s\u00f6gum sem S\u00e6var S\u00e6varsson hefur safna\u00f0 saman fr\u00e1 ferli Kjartans M\u00e1ssonar sem knattspyrnu\u00fej\u00e1lfari, leikfimi- og sundkennari og vallarstj\u00f3ri. \u00dea\u00f0 gusta\u00f0i gjarnan af Kjartani enda var har\u00f0ur \u00ed horn a\u00f0 taka og f\u00f3r \u00f3tro\u00f0nar sl\u00f3\u00f0ir. Me\u00f0 fr\u00e1s\u00f6gn sinni n\u00e6r h\u00f6fundur a\u00f0 veita lesendum inns\u00fdn \u00ed \u00fe\u00e1 mannger\u00f0 sem s\u00f6gupers\u00f3nan hefur a\u00f0 geyma. Var hann \u00f3sanngjarn og voru lei\u00f0irnar sem hann f\u00f3r jafnvel galnar e\u00f0a var hugsanlega tilgangur og markmi\u00f0 me\u00f0 \u00feessu \u00f6llu?<\/p>\n<p>Vert er a\u00f0 geta myndskreytinga listamannsins Stef\u00e1ns J\u00f3nssonar \u00far Keflav\u00edk sem gl\u00e6\u00f0a b\u00f3kina l\u00edfi og gera hana um lei\u00f0 einstaklega eigulega.<\/p>\n","protected":false},"excerpt":{"rendered":"<p>Kjartan M\u00e1sson \u2013 Engin helv\u00edtis \u00e6visaga inniheldur aragr\u00faa af skondnum og litr\u00edkum s\u00f6gum sem S\u00e6var S\u00e6varsson hefur safna\u00f0 saman fr\u00e1 ferli Kjartans M\u00e1ssonar sem knattspyrnu\u00fej\u00e1lfari, leikfimi- og sundkennari og vallarstj\u00f3ri. \u00dea\u00f0 gusta\u00f0i gjarnan af Kjartani enda var har\u00f0ur \u00ed horn a\u00f0 taka og f\u00f3r \u00f3tro\u00f0nar sl\u00f3\u00f0ir.<\/p>\n","protected":false},"featured_media":564,"comment_status":"open","ping_status":"closed","template":"","meta":[],"_links":{"self":[{"href":"https:\/\/millilending.is\/index.php\/wp-json\/wp\/v2\/product\/530"}],"collection":[{"href":"https:\/\/millilending.is\/index.php\/wp-json\/wp\/v2\/product"}],"about":[{"href":"https:\/\/millilending.is\/index.php\/wp-json\/wp\/v2\/types\/product"}],"replies":[{"embeddable":true,"href":"https:\/\/millilending.is\/index.php\/wp-json\/wp\/v2\/comments?post=530"}],"wp:featuredmedia":[{"embeddable":true,"href":"https:\/\/millilending.is\/index.php\/wp-json\/wp\/v2\/media\/564"}],"wp:attachment":[{"href":"https:\/\/millilending.is\/index.php\/wp-json\/wp\/v2\/media?parent=530"}],"curies":[{"name":"wp","href":"https:\/\/api.w.org\/{rel}","templated":true}]}}